{"id":83,"date":"2018-01-12T10:58:46","date_gmt":"2018-01-12T09:58:46","guid":{"rendered":"http:\/\/www.pavelpelikan.cz\/?page_id=83"},"modified":"2018-01-20T23:14:18","modified_gmt":"2018-01-20T22:14:18","slug":"aktualni-a-planovane-kurzy-a-seminare","status":"publish","type":"page","link":"https:\/\/www.pavelpelikan.cz\/index.php\/aktualni-a-planovane-kurzy-a-seminare\/","title":{"rendered":"Aktu\u00e1ln\u00ed a pl\u00e1novan\u00e9 kurzy a semin\u00e1\u0159e"},"content":{"rendered":"<ul>\n<li><strong>ZKU\u0160ENOST \u2013 POZN\u00c1N\u00cd \u2013 PRAXE\u00a0 \u00a0 \u00a0 \u00a0 <\/strong>Jaro 2018, Praha 6 &#8211; B\u0159evnov,\u00a0<strong>do cyklu se lze p\u0159ipojit<\/strong>Semin\u00e1\u0159 skupinov\u00e9 praxe pro studenty a z\u00e1jemce o psychologii a pom\u00e1haj\u00edc\u00ed profese, ji\u017e dev\u00e1t\u00fd eduka\u010dn\u00ed a z\u00e1\u017eitkov\u00fd cyklus skupinov\u00fdch setk\u00e1n\u00ed.\u00a0Lze z\u00edskat mo\u017enost prakticky za\u017e\u00edt skupinovou pr\u00e1ci, kter\u00e1 je velmi \u010dast\u00e1 v podob\u011b skupinov\u00e9 psychoterapie, v poradensk\u00fdch procesech i v r\u00e1mci osobn\u00edho r\u016fstu. Skupina pracuje v po\u010dtu asi 10 \u00fa\u010dastn\u00edk\u016f, pod veden\u00edm dvou lektr\u016f\/terapeut\u016f, \u017eeny a mu\u017ee. Podrobnosti lze z\u00edskat zde.<\/li>\n<li><strong>RODINA NA DRUH\u00dd POKUS\u00a0<\/strong>&#8211; cyklus \u010dty\u0159 semin\u00e1\u0159\u016f pro partnery a rodi\u010de, kte\u0159\u00ed se vyd\u00e1vaj\u00ed nebo vydali na cestu zalo\u017een\u00ed nov\u00e9 rodiny, v kter\u00e9 maj\u00ed svou roli a m\u00edsto i d\u011bti z p\u0159edchoz\u00edch vztah\u016f:\n<ul>\n<li>Patchworkov\u00e1 rodina &#8211; s \u010d\u00edm se m\u016f\u017eeme setkat<\/li>\n<li>Patchworkov\u00e1 rodina &#8211; role a \u00fakoly partner\u016f v nov\u011b slo\u017een\u00fdch rodin\u00e1ch<\/li>\n<li>Patchworkov\u00e1 rodina &#8211; rodi\u010dovsk\u00e9 role vlastn\u00edch i nevlastn\u00edch rodi\u010d\u016f a \u010dlen\u016f \u0161ir\u0161\u00ed rodiny<\/li>\n<li>Patchworkov\u00e1 rodina &#8211; d\u011btsk\u00fd sv\u011bt, radosti a strasti d\u011bt\u00ed v nov\u011b slo\u017een\u00fdch rodin\u00e1ch<\/li>\n<\/ul>\n<\/li>\n<li><strong>STRES &#8211; P\u0158\u00cdTEL \u010cI NEP\u0158\u00cdTEL<\/strong> &#8211; semin\u00e1\u0159 pro ka\u017ed\u00e9ho, kdo o sob\u011b \u0159\u00edk\u00e1, \u017ee je stresovan\u00fd a r\u00e1d by to zm\u011bnil<\/li>\n<li><strong>KOMUNIKACE &#8211; N\u00c1STROJ KE SN\u00cd\u017dEN\u00cd NAP\u011aT\u00cd<\/strong>\u00a0. Komunikaci \u010dasto pova\u017eujeme za n\u00e1stroj v\u00fdm\u011bny informac\u00ed. Hlub\u0161\u00ed pohled na komunikaci p\u0159inese n\u00e1hled, \u017ee hlavn\u00ed c\u00edl efektivn\u00ed komunikace je sn\u00ed\u017een\u00ed vnit\u0159n\u00edho psychick\u00e9ho nap\u011bt\u00ed. P\u0159ij\u010fte si ov\u011b\u0159it cestu, jak na to.<\/li>\n<\/ul>\n<p>&nbsp;<\/p>\n<p>&nbsp;<\/p>\n<p style=\"padding-left: 30px;\"><a href=\"http:\/\/www.pavelpelikan.cz\/index.php\/uskutecnene-kurzy-a-seminare\/\">USKUTE\u010cN\u011aN\u00c9 KURZY A SEMIN\u00c1\u0158E&#8230;<\/a><\/p>\n<p>&nbsp;<\/p>\n<p>&nbsp;<\/p>\n<p>&nbsp;<\/p>\n<p>&nbsp;<\/p>\n<p>&nbsp;<\/p>\n","protected":false},"excerpt":{"rendered":"<p>ZKU\u0160ENOST \u2013 POZN\u00c1N\u00cd \u2013 PRAXE\u00a0 \u00a0 \u00a0 \u00a0 Jaro 2018, Praha 6 &#8211; B\u0159evnov,\u00a0do cyklu se lze p\u0159ipojitSemin\u00e1\u0159 skupinov\u00e9 praxe pro studenty a z\u00e1jemce o psychologii a pom\u00e1haj\u00edc\u00ed profese, ji\u017e dev\u00e1t\u00fd eduka\u010dn\u00ed a z\u00e1\u017eitkov\u00fd cyklus skupinov\u00fdch setk\u00e1n\u00ed.\u00a0Lze z\u00edskat mo\u017enost prakticky za\u017e\u00edt skupinovou pr\u00e1ci, kter\u00e1 je velmi \u010dast\u00e1 v podob\u011b skupinov\u00e9 psychoterapie, v poradensk\u00fdch procesech i&hellip;<\/p>\n","protected":false},"author":1,"featured_media":0,"parent":0,"menu_order":0,"comment_status":"closed","ping_status":"closed","template":"","meta":[],"_links":{"self":[{"href":"https:\/\/www.pavelpelikan.cz\/index.php\/wp-json\/wp\/v2\/pages\/83"}],"collection":[{"href":"https:\/\/www.pavelpelikan.cz\/index.php\/wp-json\/wp\/v2\/pages"}],"about":[{"href":"https:\/\/www.pavelpelikan.cz\/index.php\/wp-json\/wp\/v2\/types\/page"}],"author":[{"embeddable":true,"href":"https:\/\/www.pavelpelikan.cz\/index.php\/wp-json\/wp\/v2\/users\/1"}],"replies":[{"embeddable":true,"href":"https:\/\/www.pavelpelikan.cz\/index.php\/wp-json\/wp\/v2\/comments?post=83"}],"version-history":[{"count":5,"href":"https:\/\/www.pavelpelikan.cz\/index.php\/wp-json\/wp\/v2\/pages\/83\/revisions"}],"predecessor-version":[{"id":154,"href":"https:\/\/www.pavelpelikan.cz\/index.php\/wp-json\/wp\/v2\/pages\/83\/revisions\/154"}],"wp:attachment":[{"href":"https:\/\/www.pavelpelikan.cz\/index.php\/wp-json\/wp\/v2\/media?parent=83"}],"curies":[{"name":"wp","href":"https:\/\/api.w.org\/{rel}","templated":true}]}}