{"id":81,"date":"2018-01-12T10:57:32","date_gmt":"2018-01-12T09:57:32","guid":{"rendered":"http:\/\/www.pavelpelikan.cz\/?page_id=81"},"modified":"2018-01-12T10:57:32","modified_gmt":"2018-01-12T09:57:32","slug":"uskutecnene-kurzy-a-seminare","status":"publish","type":"page","link":"https:\/\/www.pavelpelikan.cz\/index.php\/uskutecnene-kurzy-a-seminare\/","title":{"rendered":"Uskute\u010dn\u011bn\u00e9 kurzy a semin\u00e1\u0159e"},"content":{"rendered":"","protected":false},"excerpt":{"rendered":"","protected":false},"author":1,"featured_media":0,"parent":0,"menu_order":0,"comment_status":"closed","ping_status":"closed","template":"","meta":[],"_links":{"self":[{"href":"https:\/\/www.pavelpelikan.cz\/index.php\/wp-json\/wp\/v2\/pages\/81"}],"collection":[{"href":"https:\/\/www.pavelpelikan.cz\/index.php\/wp-json\/wp\/v2\/pages"}],"about":[{"href":"https:\/\/www.pavelpelikan.cz\/index.php\/wp-json\/wp\/v2\/types\/page"}],"author":[{"embeddable":true,"href":"https:\/\/www.pavelpelikan.cz\/index.php\/wp-json\/wp\/v2\/users\/1"}],"replies":[{"embeddable":true,"href":"https:\/\/www.pavelpelikan.cz\/index.php\/wp-json\/wp\/v2\/comments?post=81"}],"version-history":[{"count":2,"href":"https:\/\/www.pavelpelikan.cz\/index.php\/wp-json\/wp\/v2\/pages\/81\/revisions"}],"predecessor-version":[{"id":90,"href":"https:\/\/www.pavelpelikan.cz\/index.php\/wp-json\/wp\/v2\/pages\/81\/revisions\/90"}],"wp:attachment":[{"href":"https:\/\/www.pavelpelikan.cz\/index.php\/wp-json\/wp\/v2\/media?parent=81"}],"curies":[{"name":"wp","href":"https:\/\/api.w.org\/{rel}","templated":true}]}}