{"id":75,"date":"2018-01-12T09:04:58","date_gmt":"2018-01-12T08:04:58","guid":{"rendered":"http:\/\/www.pavelpelikan.cz\/?page_id=75"},"modified":"2024-11-21T06:24:28","modified_gmt":"2024-11-21T05:24:28","slug":"kontakt","status":"publish","type":"page","link":"https:\/\/www.pavelpelikan.cz\/index.php\/kontakt\/","title":{"rendered":"Kontakt"},"content":{"rendered":"<p style=\"text-align: center;\">Pro objedn\u00e1n\u00ed slu\u017eby m\u011b kontaktujte emailem nebo telefonicky:<\/p>\n<h4 style=\"text-align: center;\"><strong><a href=\"mailto:info@pavelpelikan.cz\">info@pavelpelikan.cz<\/a><\/strong><\/h4>\n<h4 style=\"text-align: center;\"><strong>602 368 586<\/strong><\/h4>\n<p style=\"text-align: center;\">Pokud v\u00e1m nevezmu telefon nebo na V\u00e1\u0161 email \u010di jinou zpr\u00e1vu ve stejn\u00fd den nezareaguji, je to z toho d\u016fvodu, \u017ee se v\u011bnuji klient\u016fm v ordinaci a odpov\u00edm ihned, jakmile to bude mo\u017en\u00e9. D\u011bkuji za pochopen\u00ed.<\/p>\n<h4 style=\"text-align: center;\">\u00a0<\/h4>\n<p style=\"text-align: center;\">Pro objedn\u00e1n\u00ed v TULSIA CLINIC je mo\u017en\u00e9 tak\u00e9 kontaktovat na\u0161\u00ed RECEPCI:<\/p>\n<h4 style=\"text-align: center;\"><strong>725 366 642<\/strong><\/h4>\n<h4 style=\"text-align: center;\"><a href=\"mailto:recepce@tulsiaclinic.cz\">recepce@tulsiaclinic.cz<\/a><\/h4>\n\n\n<p><\/p>\n\n\n\n<p class=\"has-text-align-center\"><strong>Adresy:<\/strong><\/p>\n\n\n\n<p><strong>RORADNA PRO RODINU A VZTAHY<\/strong>, B\u011blohorsk\u00e1 188\/157, Praha 6 &#8211; B\u0159evnov (budova je ozna\u010dena: ORDINACE PRAKTICK\u00ddCH L\u00c9KA\u0158\u016e)<\/p>\n\n\n\n<p><strong>TULSIA CLINIC &#8211; psychosomatick\u00e9 centrum St\u0159e\u0161ovice<\/strong>, Na Petynce 158\/90, Praha 6 &#8211; St\u0159e\u0161ovice.  Vchod je z ulice Pod And\u011blkou 1.<\/p>\n\n\n\n<hr class=\"wp-block-separator\"\/>\n\n\n\n<p><\/p>\n","protected":false},"excerpt":{"rendered":"<p>Pro objedn\u00e1n\u00ed slu\u017eby m\u011b kontaktujte emailem nebo telefonicky: info@pavelpelikan.cz 602 368 586 Pokud v\u00e1m nevezmu telefon nebo na V\u00e1\u0161 email \u010di jinou zpr\u00e1vu ve stejn\u00fd den nezareaguji, je to z toho d\u016fvodu, \u017ee se v\u011bnuji klient\u016fm v ordinaci a odpov\u00edm ihned, jakmile to bude mo\u017en\u00e9. D\u011bkuji za pochopen\u00ed. \u00a0 Pro objedn\u00e1n\u00ed v TULSIA CLINIC je&hellip;<\/p>\n","protected":false},"author":1,"featured_media":0,"parent":0,"menu_order":0,"comment_status":"closed","ping_status":"closed","template":"","meta":[],"_links":{"self":[{"href":"https:\/\/www.pavelpelikan.cz\/index.php\/wp-json\/wp\/v2\/pages\/75"}],"collection":[{"href":"https:\/\/www.pavelpelikan.cz\/index.php\/wp-json\/wp\/v2\/pages"}],"about":[{"href":"https:\/\/www.pavelpelikan.cz\/index.php\/wp-json\/wp\/v2\/types\/page"}],"author":[{"embeddable":true,"href":"https:\/\/www.pavelpelikan.cz\/index.php\/wp-json\/wp\/v2\/users\/1"}],"replies":[{"embeddable":true,"href":"https:\/\/www.pavelpelikan.cz\/index.php\/wp-json\/wp\/v2\/comments?post=75"}],"version-history":[{"count":27,"href":"https:\/\/www.pavelpelikan.cz\/index.php\/wp-json\/wp\/v2\/pages\/75\/revisions"}],"predecessor-version":[{"id":382,"href":"https:\/\/www.pavelpelikan.cz\/index.php\/wp-json\/wp\/v2\/pages\/75\/revisions\/382"}],"wp:attachment":[{"href":"https:\/\/www.pavelpelikan.cz\/index.php\/wp-json\/wp\/v2\/media?parent=75"}],"curies":[{"name":"wp","href":"https:\/\/api.w.org\/{rel}","templated":true}]}}