{"id":69,"date":"2018-01-12T10:38:36","date_gmt":"2018-01-12T09:38:36","guid":{"rendered":"http:\/\/www.pavelpelikan.cz\/?page_id=69"},"modified":"2024-11-21T13:41:54","modified_gmt":"2024-11-21T12:41:54","slug":"profil","status":"publish","type":"page","link":"https:\/\/www.pavelpelikan.cz\/index.php\/profil\/","title":{"rendered":"Profil"},"content":{"rendered":"<p>PRAXE<\/p>\n<p><span style=\"color: #3366ff;\"><strong>Soukrom\u00e1 ambulance: <\/strong><\/span> Praha 6, B\u011blohorsk\u00e1 188\/157, 169 00 &#8211; zde se se mnou m\u016f\u017eete setkat p\u0159i p\u00e1rov\u00e9 a individu\u00e1ln\u00ed terapii, zam\u011b\u0159en\u00e9 jak na psychosomatick\u00e9, tak psychick\u00e9, pracovn\u00ed, vztahov\u00e9 i jin\u00e9 ot\u00e1zky. Soukromou praxi kontinu\u00e1ln\u011b provozuji od roku 2014. Budova <a href=\"http:\/\/www.monse.cz\/\"><strong>MONSE, spol. s r.o.<\/strong><\/a><\/p>\n<p><strong><span style=\"color: #3366ff;\">Tulsia clinic:<\/span><\/strong> Na Petynce 151\/90, Praha 6 \u2013 St\u0159e\u0161ovice, 169 00 &#8211; zde pracuji jako rodinn\u00fd, p\u00e1rov\u00fd i individu\u00e1ln\u00ed terapeut, pom\u00e1h\u00e1m klient\u016fm naj\u00edt \u0159e\u0161en\u00ed jejich psychosomatick\u00fdm, psychick\u00fdch, vztahov\u00fdch, v\u00fdchovn\u00fdch situac\u00ed, pom\u00e1h\u00e1m klient\u016fv v oblasti osobn\u00edho r\u016fstu, komunika\u010dn\u00edch dovednost\u00ed, p\u00e9\u010de o svou sebehodnotu, sebe\u00factu a pod.<\/p>\n<p><span style=\"color: #3366ff;\"><strong>SOULMIO:<\/strong><\/span> V t\u00e9to spole\u010dnosti pracuji jako psychoterapeut od roku 2020 a\u017e dosud, se zam\u011b\u0159en\u00edm na podporu psychick\u00e9 pohody zam\u011bstnanc\u016f firem, kter\u00e9 investuj\u00ed do zdrav\u00ed sv\u00fdch zam\u011bstnanc\u016f k udr\u017een\u00ed zdrav\u00e9ho well-beingu..<\/p>\n<p><span style=\"color: #3366ff;\"><strong>Hn\u00edzdo zdrav\u00ed s.r.o.:<\/strong><\/span> V tomto zdravotnick\u00e9m za\u0159\u00edzen\u00ed jsem pracoval v letech 2015 a\u017e 2023. Na za\u010d\u00e1tku roku 2024 p\u0159e\u0161lo Hn\u00edzdo zdrav\u00ed pod s\u00ed\u0165 psychosomatick\u00fdch pracovi\u0161\u0165 Tulsia clinic.<\/p>\n<p><span style=\"color: #3366ff;\"><strong>AMOS &#8211; KamPoMaturite.cz, s.r.o.:\u00a0 <\/strong><\/span>Dukelsk\u00fdch hrdin\u016f 21, Praha 7, je vzd\u011bl\u00e1vac\u00ed a poradensk\u00e1 agentura, p\u0159ipravuj\u00edc\u00ed studenty ke studiu na vysok\u00fdch \u0161kol\u00e1ch. Zde od roku 2015 a\u017e dosud vyu\u010duji studenty, zaj\u00edmaj\u00edc\u00ed se o V\u0160 studium psychologie.<\/p>\n<p>VZD\u011aL\u00c1N\u00cd<\/p>\n<ul>\n<li><strong>Soci\u00e1ln\u00ed pr\u00e1ce se zam\u011b\u0159en\u00edm na komunikaci a aplikovanou psychoterapii\u00a0<\/strong> (bakal\u00e1\u0159sk\u00e9 a magistersk\u00e9 studium na <a href=\"http:\/\/www.pvsps.cz\/\">Pra\u017esk\u00e9 vysok\u00e9 \u0161kole psychosoci\u00e1ln\u00edch studi\u00ed<\/a>)<\/li>\n<li><strong>Biokybernetika<\/strong>\u00a0 (in\u017een\u00fdrsk\u00e9 studium na <a href=\"https:\/\/www.cvut.cz\/\">\u010cVUT Praha<\/a>)<\/li>\n<\/ul>\n<p>DAL\u0160\u00cd ODBORN\u00c9 VZD\u011aL\u00c1N\u00cd<\/p>\n<ul>\n<li>Sebezku\u0161enostn\u00ed skupinov\u011b komunitn\u00ed v\u00fdcvik v PV\u0160PS (543 hodin)<\/li>\n<li>V\u00fdcvik v Transforma\u010dn\u00ed systemick\u00e9 terapii podle V. Satirov\u00e9 (740 hodin)<\/li>\n<li>V\u00fdcvik v psychodynamick\u00e9 psychoterapii (780 hodin)<\/li>\n<li>V\u00fdcvik v systemick\u00e9 rodinn\u00e9 a p\u00e1rov\u00e9 terapii (290 hodin)<\/li>\n<li>Aktu\u00e1ln\u011b se vzd\u011bl\u00e1v\u00e1m 4. rokem ve v\u00fdcviku d\u011btsk\u00e9ho poradenstv\u00ed a psychoterapie v institutu INDEPT<\/li>\n<li>Kou\u010dovac\u00ed v\u00fdcvik podle standardu ICF (96 hodin)<\/li>\n<li>V\u00fdcvik poradensk\u00fdch dovednost\u00ed v PV\u0160PS (50 hodin)<\/li>\n<li>Krizov\u00e1 intervence v PV\u0160PS (64 hodin)<\/li>\n<li>Daseinsanalytick\u00fd v\u00fdklad sn\u016f<\/li>\n<li>Nov\u00fd model l\u00e9\u010dby \u0161ikany (64 hodin)<\/li>\n<li>Daseinanal\u00fdza v psychoterapii a poradenstv\u00ed<\/li>\n<li>Technika \u0159e\u010di a v\u00fdrazov\u00e1 hlediska mluven\u00e9ho projevu<\/li>\n<li>Z\u00e1klady existenci\u00e1ln\u00ed anal\u00fdzy, logoterapie a logodiagnostiky<\/li>\n<li>Lege artis postupy v\u00a0komunitn\u00ed a skupinov\u00e9 psychoterapii<\/li>\n<li>Relaxace a autogenn\u00ed tr\u00e9nink<\/li>\n<li>Rekonstrukce rodiny podle V.Satirov\u00e9<\/li>\n<\/ul>\n<p>SUPERVIZE<\/p>\n<ul>\n<li>pravideln\u00e1 individu\u00e1ln\u00ed i skupinov\u00e1 supervize individu\u00e1ln\u00ed pr\u00e1ce s\u00a0klienty<\/li>\n<li>pravideln\u00e1 supervize pro rodinnou a p\u00e1rovou terapie<\/li>\n<\/ul>\n","protected":false},"excerpt":{"rendered":"<p>PRAXE Soukrom\u00e1 ambulance: Praha 6, B\u011blohorsk\u00e1 188\/157, 169 00 &#8211; zde se se mnou m\u016f\u017eete setkat p\u0159i p\u00e1rov\u00e9 a individu\u00e1ln\u00ed terapii, zam\u011b\u0159en\u00e9 jak na psychosomatick\u00e9, tak psychick\u00e9, pracovn\u00ed, vztahov\u00e9 i jin\u00e9 ot\u00e1zky. Soukromou praxi kontinu\u00e1ln\u011b provozuji od roku 2014. Budova MONSE, spol. s r.o. Tulsia clinic: Na Petynce 151\/90, Praha 6 \u2013 St\u0159e\u0161ovice, 169 00&hellip;<\/p>\n","protected":false},"author":1,"featured_media":0,"parent":0,"menu_order":0,"comment_status":"closed","ping_status":"closed","template":"","meta":[],"_links":{"self":[{"href":"https:\/\/www.pavelpelikan.cz\/index.php\/wp-json\/wp\/v2\/pages\/69"}],"collection":[{"href":"https:\/\/www.pavelpelikan.cz\/index.php\/wp-json\/wp\/v2\/pages"}],"about":[{"href":"https:\/\/www.pavelpelikan.cz\/index.php\/wp-json\/wp\/v2\/types\/page"}],"author":[{"embeddable":true,"href":"https:\/\/www.pavelpelikan.cz\/index.php\/wp-json\/wp\/v2\/users\/1"}],"replies":[{"embeddable":true,"href":"https:\/\/www.pavelpelikan.cz\/index.php\/wp-json\/wp\/v2\/comments?post=69"}],"version-history":[{"count":28,"href":"https:\/\/www.pavelpelikan.cz\/index.php\/wp-json\/wp\/v2\/pages\/69\/revisions"}],"predecessor-version":[{"id":386,"href":"https:\/\/www.pavelpelikan.cz\/index.php\/wp-json\/wp\/v2\/pages\/69\/revisions\/386"}],"wp:attachment":[{"href":"https:\/\/www.pavelpelikan.cz\/index.php\/wp-json\/wp\/v2\/media?parent=69"}],"curies":[{"name":"wp","href":"https:\/\/api.w.org\/{rel}","templated":true}]}}