{"id":302,"date":"2023-02-24T09:58:06","date_gmt":"2023-02-24T08:58:06","guid":{"rendered":"https:\/\/www.pavelpelikan.cz\/?page_id=302"},"modified":"2024-03-17T19:09:06","modified_gmt":"2024-03-17T18:09:06","slug":"pece-o-dusevni-zdravi","status":"publish","type":"page","link":"https:\/\/www.pavelpelikan.cz\/index.php\/pece-o-dusevni-zdravi\/","title":{"rendered":"P\u00e9\u010de o du\u0161evn\u00ed zdrav\u00ed"},"content":{"rendered":"\n<p class=\"has-text-align-left\">\u00dahrada za poradenskou a psychoterapeutickou pr\u00e1ci je v m\u00e9 praxi na p\u0159\u00edmou platbu. Klient\u016fm registrovan\u00fdm n\u00e1sleduj\u00edc\u00edch zdravotn\u00edch poji\u0161\u0165oven doporu\u010duji \u010derpat p\u0159\u00edsp\u011bvek z programu P\u00e9\u010de o du\u0161evn\u00ed zdrav\u00ed, kter\u00fd u v\u0161ech forem m\u00e9 terapii m\u016f\u017eete z\u00edskat.<\/p>\n\n\n\n<figure class=\"wp-block-image size-large is-resized\"><img loading=\"lazy\" src=\"http:\/\/www.pavelpelikan.cz\/wp-content\/uploads\/2024\/03\/PRISPEVKY_POJISTOVEN-700x681.jpg\" alt=\"\" class=\"wp-image-351\" width=\"429\" height=\"417\" srcset=\"https:\/\/www.pavelpelikan.cz\/wp-content\/uploads\/2024\/03\/PRISPEVKY_POJISTOVEN-700x681.jpg 700w, https:\/\/www.pavelpelikan.cz\/wp-content\/uploads\/2024\/03\/PRISPEVKY_POJISTOVEN-300x292.jpg 300w, https:\/\/www.pavelpelikan.cz\/wp-content\/uploads\/2024\/03\/PRISPEVKY_POJISTOVEN-768x747.jpg 768w, https:\/\/www.pavelpelikan.cz\/wp-content\/uploads\/2024\/03\/PRISPEVKY_POJISTOVEN.jpg 952w\" sizes=\"(max-width: 429px) 100vw, 429px\" \/><\/figure>\n\n\n\n<p> <\/p>\n\n\n\n<p> <\/p>\n","protected":false},"excerpt":{"rendered":"<p>\u00dahrada za poradenskou a psychoterapeutickou pr\u00e1ci je v m\u00e9 praxi na p\u0159\u00edmou platbu. Klient\u016fm registrovan\u00fdm n\u00e1sleduj\u00edc\u00edch zdravotn\u00edch poji\u0161\u0165oven doporu\u010duji \u010derpat p\u0159\u00edsp\u011bvek z programu P\u00e9\u010de o du\u0161evn\u00ed zdrav\u00ed, kter\u00fd u v\u0161ech forem m\u00e9 terapii m\u016f\u017eete z\u00edskat.<\/p>\n","protected":false},"author":1,"featured_media":0,"parent":0,"menu_order":0,"comment_status":"closed","ping_status":"closed","template":"","meta":[],"_links":{"self":[{"href":"https:\/\/www.pavelpelikan.cz\/index.php\/wp-json\/wp\/v2\/pages\/302"}],"collection":[{"href":"https:\/\/www.pavelpelikan.cz\/index.php\/wp-json\/wp\/v2\/pages"}],"about":[{"href":"https:\/\/www.pavelpelikan.cz\/index.php\/wp-json\/wp\/v2\/types\/page"}],"author":[{"embeddable":true,"href":"https:\/\/www.pavelpelikan.cz\/index.php\/wp-json\/wp\/v2\/users\/1"}],"replies":[{"embeddable":true,"href":"https:\/\/www.pavelpelikan.cz\/index.php\/wp-json\/wp\/v2\/comments?post=302"}],"version-history":[{"count":6,"href":"https:\/\/www.pavelpelikan.cz\/index.php\/wp-json\/wp\/v2\/pages\/302\/revisions"}],"predecessor-version":[{"id":356,"href":"https:\/\/www.pavelpelikan.cz\/index.php\/wp-json\/wp\/v2\/pages\/302\/revisions\/356"}],"wp:attachment":[{"href":"https:\/\/www.pavelpelikan.cz\/index.php\/wp-json\/wp\/v2\/media?parent=302"}],"curies":[{"name":"wp","href":"https:\/\/api.w.org\/{rel}","templated":true}]}}