{"id":228,"date":"2018-01-23T20:27:24","date_gmt":"2018-01-23T19:27:24","guid":{"rendered":"http:\/\/www.pavelpelikan.cz\/?page_id=228"},"modified":"2018-01-23T20:27:24","modified_gmt":"2018-01-23T19:27:24","slug":"zivotni-koucink","status":"publish","type":"page","link":"https:\/\/www.pavelpelikan.cz\/index.php\/zivotni-koucink\/","title":{"rendered":"\u017divotn\u00ed kou\u010dink"},"content":{"rendered":"<p>Kdy oslovit kou\u010de v \u017eivotn\u00edm kou\u010dinku? Nap\u0159\u00edklad pl\u00e1nujete-li:\u00a0 Chci si ujasnit, kam j\u00edt d\u00e1l ve sv\u00e9m \u017eivot\u011b. Nest\u00edh\u00e1m a chci v\u00edce \u010dasu pro osobn\u00ed \u017eivot. P\u0159em\u00fd\u0161l\u00edm o nov\u00e9 kari\u00e9\u0159e a hled\u00e1m n\u011bco, co m\u00e1 pro mne smysl. Chci\u00a0 si ud\u011blal po\u0159\u00e1dek ve sv\u00fdch osobn\u00edch projektech a \u00fasp\u011b\u0161n\u011b je zvl\u00e1dat. Chci zm\u011bnit n\u011bkter\u00e9 sv\u00e9 neefektivn\u00ed n\u00e1vyky. Chci zlep\u0161it komunika\u010dn\u00ed dovednosti. Chci m\u00edt lep\u0161\u00ed vztahy s druh\u00fdmi lidmi.<br \/>\nV \u017eivotn\u00edm kou\u010dinku pomohu vyjasn\u011bn\u00ed \u017eivotn\u00edch c\u00edl\u016f a \u017eivotn\u00ed vize, uv\u011bdomit si sv\u00e9 zdroje \u017eivotn\u00ed energie a jejich lep\u0161\u00ed vyu\u017eit\u00ed. Pomohu v\u00e1m propojit vize s\u00a0realitou, naj\u00edt vysokou motivaci k\u00a0dosahov\u00e1n\u00ed Va\u0161ich c\u00edl\u016f a uvolnit i naplnit v\u00e1\u0161 potenci\u00e1l. Vy\u0161\u0161\u00ed \u017eivotn\u00ed spokojenost a seberealizaci si zaslou\u017e\u00edte.<\/p>\n","protected":false},"excerpt":{"rendered":"<p>Kdy oslovit kou\u010de v \u017eivotn\u00edm kou\u010dinku? Nap\u0159\u00edklad pl\u00e1nujete-li:\u00a0 Chci si ujasnit, kam j\u00edt d\u00e1l ve sv\u00e9m \u017eivot\u011b. Nest\u00edh\u00e1m a chci v\u00edce \u010dasu pro osobn\u00ed \u017eivot. P\u0159em\u00fd\u0161l\u00edm o nov\u00e9 kari\u00e9\u0159e a hled\u00e1m n\u011bco, co m\u00e1 pro mne smysl. Chci\u00a0 si ud\u011blal po\u0159\u00e1dek ve sv\u00fdch osobn\u00edch projektech a \u00fasp\u011b\u0161n\u011b je zvl\u00e1dat. Chci zm\u011bnit n\u011bkter\u00e9 sv\u00e9 neefektivn\u00ed n\u00e1vyky.&hellip;<\/p>\n","protected":false},"author":1,"featured_media":0,"parent":0,"menu_order":0,"comment_status":"closed","ping_status":"closed","template":"","meta":[],"_links":{"self":[{"href":"https:\/\/www.pavelpelikan.cz\/index.php\/wp-json\/wp\/v2\/pages\/228"}],"collection":[{"href":"https:\/\/www.pavelpelikan.cz\/index.php\/wp-json\/wp\/v2\/pages"}],"about":[{"href":"https:\/\/www.pavelpelikan.cz\/index.php\/wp-json\/wp\/v2\/types\/page"}],"author":[{"embeddable":true,"href":"https:\/\/www.pavelpelikan.cz\/index.php\/wp-json\/wp\/v2\/users\/1"}],"replies":[{"embeddable":true,"href":"https:\/\/www.pavelpelikan.cz\/index.php\/wp-json\/wp\/v2\/comments?post=228"}],"version-history":[{"count":1,"href":"https:\/\/www.pavelpelikan.cz\/index.php\/wp-json\/wp\/v2\/pages\/228\/revisions"}],"predecessor-version":[{"id":229,"href":"https:\/\/www.pavelpelikan.cz\/index.php\/wp-json\/wp\/v2\/pages\/228\/revisions\/229"}],"wp:attachment":[{"href":"https:\/\/www.pavelpelikan.cz\/index.php\/wp-json\/wp\/v2\/media?parent=228"}],"curies":[{"name":"wp","href":"https:\/\/api.w.org\/{rel}","templated":true}]}}