{"id":205,"date":"2018-01-22T23:24:28","date_gmt":"2018-01-22T22:24:28","guid":{"rendered":"http:\/\/www.pavelpelikan.cz\/?page_id=205"},"modified":"2018-01-23T14:51:06","modified_gmt":"2018-01-23T13:51:06","slug":"parova-terapie","status":"publish","type":"page","link":"https:\/\/www.pavelpelikan.cz\/index.php\/parova-terapie\/","title":{"rendered":"P\u00e1rov\u00e1 terapie"},"content":{"rendered":"<p>V partnersk\u00e9m vztahu se n\u011bkdy ocitneme v situaci, kter\u00e1 je velmi nep\u0159\u00edjemn\u00e1, a kdy si d\u011bl\u00e1me vz\u00e1jemn\u011b v\u011bci, o kter\u00fdch bychom ani nepomysleli, \u017ee se stanou, \u017ee si \u0159ekneme. Pracuji-li s p\u00e1rem, v\u017edy vid\u00edm, \u017ee v krizi trp\u00ed oba, i kdy\u017e to na prvn\u00ed pohled vypad\u00e1 jinak.\u00a0 Nab\u00edz\u00edm p\u00e1ru bezpe\u010dn\u00e9 prost\u0159ed\u00ed, kde spolu m\u016f\u017eete mluvit tak, abyste se nemuseli zra\u0148ovat a p\u0159itom se vz\u00e1jemn\u011b sly\u0161eli a porozum\u011bli jeden druh\u00e9mu.<\/p>\n","protected":false},"excerpt":{"rendered":"<p>V partnersk\u00e9m vztahu se n\u011bkdy ocitneme v situaci, kter\u00e1 je velmi nep\u0159\u00edjemn\u00e1, a kdy si d\u011bl\u00e1me vz\u00e1jemn\u011b v\u011bci, o kter\u00fdch bychom ani nepomysleli, \u017ee se stanou, \u017ee si \u0159ekneme. Pracuji-li s p\u00e1rem, v\u017edy vid\u00edm, \u017ee v krizi trp\u00ed oba, i kdy\u017e to na prvn\u00ed pohled vypad\u00e1 jinak.\u00a0 Nab\u00edz\u00edm p\u00e1ru bezpe\u010dn\u00e9 prost\u0159ed\u00ed, kde spolu m\u016f\u017eete mluvit&hellip;<\/p>\n","protected":false},"author":1,"featured_media":0,"parent":0,"menu_order":0,"comment_status":"closed","ping_status":"closed","template":"","meta":[],"_links":{"self":[{"href":"https:\/\/www.pavelpelikan.cz\/index.php\/wp-json\/wp\/v2\/pages\/205"}],"collection":[{"href":"https:\/\/www.pavelpelikan.cz\/index.php\/wp-json\/wp\/v2\/pages"}],"about":[{"href":"https:\/\/www.pavelpelikan.cz\/index.php\/wp-json\/wp\/v2\/types\/page"}],"author":[{"embeddable":true,"href":"https:\/\/www.pavelpelikan.cz\/index.php\/wp-json\/wp\/v2\/users\/1"}],"replies":[{"embeddable":true,"href":"https:\/\/www.pavelpelikan.cz\/index.php\/wp-json\/wp\/v2\/comments?post=205"}],"version-history":[{"count":4,"href":"https:\/\/www.pavelpelikan.cz\/index.php\/wp-json\/wp\/v2\/pages\/205\/revisions"}],"predecessor-version":[{"id":226,"href":"https:\/\/www.pavelpelikan.cz\/index.php\/wp-json\/wp\/v2\/pages\/205\/revisions\/226"}],"wp:attachment":[{"href":"https:\/\/www.pavelpelikan.cz\/index.php\/wp-json\/wp\/v2\/media?parent=205"}],"curies":[{"name":"wp","href":"https:\/\/api.w.org\/{rel}","templated":true}]}}