{"id":203,"date":"2018-01-22T23:23:57","date_gmt":"2018-01-22T22:23:57","guid":{"rendered":"http:\/\/www.pavelpelikan.cz\/?page_id=203"},"modified":"2018-01-23T02:28:49","modified_gmt":"2018-01-23T01:28:49","slug":"rodinna-terapie","status":"publish","type":"page","link":"https:\/\/www.pavelpelikan.cz\/index.php\/rodinna-terapie\/","title":{"rendered":"Rodinn\u00e1 terapie"},"content":{"rendered":"<p>Pova\u017euji rodinnou terapii za jednu z\u00a0nejd\u016fle\u017eit\u011bj\u0161\u00edch forem psychoterapie. Partnersk\u00e9 a rodinn\u00e9 vztahy maj\u00ed potenci\u00e1l\u00a0p\u0159in\u00e1\u0161et ty nejv\u011bt\u0161\u00ed radosti a smysluplnost do \u017eivota ka\u017ed\u00e9ho \u010dlov\u011bka. Sou\u010dasn\u011b v\u0161ak, p\u0159i vztahov\u00fdch komplikac\u00edch, mohou zat\u00ed\u017eit \u010dlov\u011bka tou nejv\u011bt\u0161\u00ed bolest\u00ed. Rodinnou terapii pokl\u00e1d\u00e1m za jednu z\u00a0nejnad\u011bjn\u011bj\u0161\u00edch forem psychoterapie pro l\u00e9\u010dbu du\u0161evn\u00edch, soci\u00e1ln\u00edch a t\u011blesn\u00fdch onemocn\u011bn\u00ed d\u011bt\u00ed i dosp\u011bl\u00fdch. \u017d\u00e1dn\u00fd \u010dlov\u011bk, v\u010detn\u011b sv\u00fdch symptom\u016f a vnit\u0159n\u00edho pro\u017e\u00edv\u00e1n\u00ed, ne\u017eije ve vzduchopr\u00e1zdnu. Mikrosv\u011bt rodiny je nej\u010dast\u011bj\u0161\u00ed spole\u010denstv\u00ed, kter\u00e9 d\u00e1v\u00e1 prostor pro komunikaci o tom, co je pro jej\u00ed jednotliv\u00e9 \u010dleny i pro rodinu jako celek d\u016fle\u017eit\u00e9.\u00a0Rodinn\u00e1 terapie je u\u017eite\u010dn\u00e1 v\u00a0p\u0159\u00edpadech psychosomatick\u00e9 poruchy jej\u00edho \u010dlena, p\u0159i pot\u00ed\u017e\u00edch s v\u00fdchovou, p\u0159i komplikac\u00edch s vytv\u00e1\u0159en\u00edm a dodr\u017eov\u00e1n\u00ed dohod a hranic v rodin\u011b, p\u0159i v\u00e1znouc\u00ed komunikaci mezi partnery, v d\u011btsk\u00e9m mikrosv\u011bt\u011b, i mezi generacemi. P\u0159i rodinn\u00e9 terapii pracuje terapeut s celou rodinou nebo s t\u011bmi \u010dleny, kter\u00e9 o spolupr\u00e1ci maj\u00ed z\u00e1jem.<\/p>\n<p>Rodinn\u00e9 terapie nemus\u00ed m\u00edt za c\u00edl jen zachovat, p\u0159\u00edpadn\u011b rekonstruovat rodinu. Jsou-li partnersk\u00e9 rozpory tak siln\u00e9, \u017ee zachov\u00e1n\u00ed kompletn\u00ed rodiny nen\u00ed mo\u017en\u00e9, m\u00e1 i tak rodinn\u00e9 terapie smysl. M\u00e1 potenci\u00e1l zajistit kultivovan\u00fd rozchodu partner\u016f, umo\u017e\u0148uj\u00edc\u00ed napln\u011bn\u00ed rodi\u010dovsk\u00fdch rol\u00ed a \u00fakol\u016f, a bezpe\u010dn\u00e9 vysloven\u00ed d\u011bt\u00ed o sv\u00fdch pot\u0159eb\u00e1ch k jednomu i druh\u00e9mu rodi\u010di.<\/p>\n<p>Rodinn\u00e1 terapie prob\u00edh\u00e1 nej\u010dast\u011bji v intervalu 2 a\u017e 4 t\u00fddny, rodina m\u016f\u017ee na \u010das mezi sezen\u00edmi dost\u00e1vat \u00fakoly k experimentov\u00e1n\u00ed, hled\u00e1n\u00ed nov\u00fdch vztahov\u00fdch a komunika\u010dn\u00edch forem apod. V n\u011bkter\u00fdch p\u0159\u00edpadech pracuje s rodinou jeden terapeut, v n\u011bkter\u00fdch p\u0159\u00edpadech pak dvojice terapeut\u016f, kter\u00e1 m\u00e1 pro rodinu v\u011bt\u0161\u00ed potenci\u00e1l.<\/p>\n","protected":false},"excerpt":{"rendered":"<p>Pova\u017euji rodinnou terapii za jednu z\u00a0nejd\u016fle\u017eit\u011bj\u0161\u00edch forem psychoterapie. Partnersk\u00e9 a rodinn\u00e9 vztahy maj\u00ed potenci\u00e1l\u00a0p\u0159in\u00e1\u0161et ty nejv\u011bt\u0161\u00ed radosti a smysluplnost do \u017eivota ka\u017ed\u00e9ho \u010dlov\u011bka. Sou\u010dasn\u011b v\u0161ak, p\u0159i vztahov\u00fdch komplikac\u00edch, mohou zat\u00ed\u017eit \u010dlov\u011bka tou nejv\u011bt\u0161\u00ed bolest\u00ed. Rodinnou terapii pokl\u00e1d\u00e1m za jednu z\u00a0nejnad\u011bjn\u011bj\u0161\u00edch forem psychoterapie pro l\u00e9\u010dbu du\u0161evn\u00edch, soci\u00e1ln\u00edch a t\u011blesn\u00fdch onemocn\u011bn\u00ed d\u011bt\u00ed i dosp\u011bl\u00fdch. \u017d\u00e1dn\u00fd \u010dlov\u011bk, v\u010detn\u011b&hellip;<\/p>\n","protected":false},"author":1,"featured_media":0,"parent":0,"menu_order":0,"comment_status":"closed","ping_status":"closed","template":"","meta":[],"_links":{"self":[{"href":"https:\/\/www.pavelpelikan.cz\/index.php\/wp-json\/wp\/v2\/pages\/203"}],"collection":[{"href":"https:\/\/www.pavelpelikan.cz\/index.php\/wp-json\/wp\/v2\/pages"}],"about":[{"href":"https:\/\/www.pavelpelikan.cz\/index.php\/wp-json\/wp\/v2\/types\/page"}],"author":[{"embeddable":true,"href":"https:\/\/www.pavelpelikan.cz\/index.php\/wp-json\/wp\/v2\/users\/1"}],"replies":[{"embeddable":true,"href":"https:\/\/www.pavelpelikan.cz\/index.php\/wp-json\/wp\/v2\/comments?post=203"}],"version-history":[{"count":6,"href":"https:\/\/www.pavelpelikan.cz\/index.php\/wp-json\/wp\/v2\/pages\/203\/revisions"}],"predecessor-version":[{"id":219,"href":"https:\/\/www.pavelpelikan.cz\/index.php\/wp-json\/wp\/v2\/pages\/203\/revisions\/219"}],"wp:attachment":[{"href":"https:\/\/www.pavelpelikan.cz\/index.php\/wp-json\/wp\/v2\/media?parent=203"}],"curies":[{"name":"wp","href":"https:\/\/api.w.org\/{rel}","templated":true}]}}