{"id":2,"date":"2018-01-20T21:06:21","date_gmt":"2018-01-20T20:06:21","guid":{"rendered":"http:\/\/localhost\/wp\/wp481\/?page_id=2"},"modified":"2022-03-17T12:49:59","modified_gmt":"2022-03-17T11:49:59","slug":"sample-page","status":"publish","type":"page","link":"https:\/\/www.pavelpelikan.cz\/","title":{"rendered":"Pavel Pelik\u00e1n"},"content":{"rendered":"<figure id=\"attachment_274\" aria-describedby=\"caption-attachment-274\" style=\"width: 196px\" class=\"wp-caption alignright\"><img loading=\"lazy\" class=\"size-medium wp-image-274\" src=\"http:\/\/www.pavelpelikan.cz\/wp-content\/uploads\/2022\/03\/DSC9276_web-kopie-196x300.jpg\" alt=\"Mgr. Pavel Pelik\u00e1n - psychoterapeut\" width=\"196\" height=\"300\" srcset=\"https:\/\/www.pavelpelikan.cz\/wp-content\/uploads\/2022\/03\/DSC9276_web-kopie-196x300.jpg 196w, https:\/\/www.pavelpelikan.cz\/wp-content\/uploads\/2022\/03\/DSC9276_web-kopie.jpg 490w\" sizes=\"(max-width: 196px) 100vw, 196px\" \/><figcaption id=\"caption-attachment-274\" class=\"wp-caption-text\">Mgr. Ing. Pavel Pelik\u00e1n &#8211; rodinn\u00fd, p\u00e1rov\u00fd a individu\u00e1ln\u00ed psychoterapeut<\/figcaption><\/figure>\n<ul>\n<li><a href=\"http:\/\/www.pavelpelikan.cz\/index.php\/psychosomaticke-poradenstvi\/\"><strong>Psychosomatick\u00e9\u00a0poradenstv\u00ed<\/strong><\/a><\/li>\n<li style=\"text-align: left;\"><a href=\"http:\/\/www.pavelpelikan.cz\/index.php\/rodinna-terapie\/\"><strong>Rodinn\u00e1 terapie<\/strong><\/a><\/li>\n<li style=\"text-align: left;\"><a href=\"http:\/\/www.pavelpelikan.cz\/index.php\/parova-terapie\/\"><strong>P\u00e1rov\u00e1 terapie<\/strong><\/a><\/li>\n<li style=\"text-align: left;\"><a href=\"http:\/\/www.pavelpelikan.cz\/index.php\/rodinne-terapie\/\"><strong>Individu\u00e1ln\u00ed psychoterapeutick\u00e9 poradenstv\u00ed<\/strong><\/a><\/li>\n<li style=\"text-align: left;\"><a href=\"http:\/\/www.pavelpelikan.cz\/index.php\/koucink\/\"><strong>\u017divotn\u00ed a pracovn\u00ed kou\u010dink<\/strong><\/a><\/li>\n<\/ul>\n<blockquote><p><em>V\u011b\u0159\u00edm, \u017ee zm\u011bna je v\u017edy mo\u017en\u00e1. V\u011b\u0159\u00edm, \u017ee k realizaci zm\u011bn m\u00e1me v\u0161ichni sv\u00e9 jedine\u010dn\u00e9 zdroje, r\u00e1di je objevujeme i u\u017e\u00edv\u00e1me. Je-li vn\u011bj\u0161\u00ed mo\u017enost zm\u011bny omezena, m\u00e1me k dispozici je\u0161t\u011b zm\u011bnu vnit\u0159n\u00ed.\u00a0 V\u011b\u0159\u00edm, \u017ee probl\u00e9mem nen\u00ed probl\u00e9m s\u00e1m, ale to, jak\u00fdm zp\u016fsobem k n\u011bmu p\u0159istupujeme. V\u011b\u0159\u00edm, \u017ee cesta ke zdrav\u00e9mu a pln\u00e9mu \u017eivotu i ke zdrav\u00fdm vztah\u016fm je vysok\u00e1 sebe\u00facta.<\/em><\/p><\/blockquote>\n","protected":false},"excerpt":{"rendered":"<p>Psychosomatick\u00e9\u00a0poradenstv\u00ed Rodinn\u00e1 terapie P\u00e1rov\u00e1 terapie Individu\u00e1ln\u00ed psychoterapeutick\u00e9 poradenstv\u00ed \u017divotn\u00ed a pracovn\u00ed kou\u010dink V\u011b\u0159\u00edm, \u017ee zm\u011bna je v\u017edy mo\u017en\u00e1. V\u011b\u0159\u00edm, \u017ee k realizaci zm\u011bn m\u00e1me v\u0161ichni sv\u00e9 jedine\u010dn\u00e9 zdroje, r\u00e1di je objevujeme i u\u017e\u00edv\u00e1me. Je-li vn\u011bj\u0161\u00ed mo\u017enost zm\u011bny omezena, m\u00e1me k dispozici je\u0161t\u011b zm\u011bnu vnit\u0159n\u00ed.\u00a0 V\u011b\u0159\u00edm, \u017ee probl\u00e9mem nen\u00ed probl\u00e9m s\u00e1m, ale to, jak\u00fdm zp\u016fsobem k&hellip;<\/p>\n","protected":false},"author":1,"featured_media":0,"parent":0,"menu_order":0,"comment_status":"closed","ping_status":"open","template":"","meta":[],"_links":{"self":[{"href":"https:\/\/www.pavelpelikan.cz\/index.php\/wp-json\/wp\/v2\/pages\/2"}],"collection":[{"href":"https:\/\/www.pavelpelikan.cz\/index.php\/wp-json\/wp\/v2\/pages"}],"about":[{"href":"https:\/\/www.pavelpelikan.cz\/index.php\/wp-json\/wp\/v2\/types\/page"}],"author":[{"embeddable":true,"href":"https:\/\/www.pavelpelikan.cz\/index.php\/wp-json\/wp\/v2\/users\/1"}],"replies":[{"embeddable":true,"href":"https:\/\/www.pavelpelikan.cz\/index.php\/wp-json\/wp\/v2\/comments?post=2"}],"version-history":[{"count":29,"href":"https:\/\/www.pavelpelikan.cz\/index.php\/wp-json\/wp\/v2\/pages\/2\/revisions"}],"predecessor-version":[{"id":283,"href":"https:\/\/www.pavelpelikan.cz\/index.php\/wp-json\/wp\/v2\/pages\/2\/revisions\/283"}],"wp:attachment":[{"href":"https:\/\/www.pavelpelikan.cz\/index.php\/wp-json\/wp\/v2\/media?parent=2"}],"curies":[{"name":"wp","href":"https:\/\/api.w.org\/{rel}","templated":true}]}}