{"id":197,"date":"2018-01-22T23:17:21","date_gmt":"2018-01-22T22:17:21","guid":{"rendered":"http:\/\/www.pavelpelikan.cz\/?page_id=197"},"modified":"2018-01-24T14:48:52","modified_gmt":"2018-01-24T13:48:52","slug":"rodinne-terapie","status":"publish","type":"page","link":"https:\/\/www.pavelpelikan.cz\/index.php\/rodinne-terapie\/","title":{"rendered":"Individu\u00e1ln\u00ed psychoterapie"},"content":{"rendered":"<p>Nab\u00edz\u00edm v\u00e1m individu\u00e1ln\u00ed psychoterapii a\u00a0pomoc v t\u011bchto oblastech:<\/p>\n<ul>\n<li>psychosomatick\u00e9 pot\u00ed\u017e\u00ed<\/li>\n<li>akutn\u00ed nebo dlouhodob\u00fd stres<\/li>\n<li>\u00fazkosti, obavy, smutek, deprese<\/li>\n<li>n\u00e1ro\u010dn\u00e9 \u017eivotn\u00ed situace a krize<\/li>\n<li>zvl\u00e1d\u00e1n\u00ed konflikt\u016f\u00a0vnit\u0159n\u00edch nebo vn\u011bj\u0161\u00edch<\/li>\n<li>probl\u00e9my vztahov\u00e9 a partnersk\u00e9<\/li>\n<li>vy\u010derp\u00e1n\u00ed, \u00fanava, p\u0159epracovanost, syndrom vyho\u0159en\u00ed<\/li>\n<li>ztr\u00e1ta smysluplnosti \u017eivota, \u017eivotn\u00edch perspektiv a dosavadn\u00edch hodnot<\/li>\n<li>zv\u00fd\u0161en\u00ed sebe\u00facty a sebehodnoty<\/li>\n<\/ul>\n<p>V\u011b\u0159\u00edm, \u017ee hlavn\u00edm odborn\u00edkem na v\u00e1\u0161 \u017eivot jste vy. P\u0159esto se m\u016f\u017ee st\u00e1t, \u017ee p\u0159ijde situace, kdy je d\u016fle\u017eit\u00fd spolehliv\u00fd a poctiv\u00fd pr\u016fvodce, a takto vn\u00edm\u00e1m svou roli terapeuta.<\/p>\n","protected":false},"excerpt":{"rendered":"<p>Nab\u00edz\u00edm v\u00e1m individu\u00e1ln\u00ed psychoterapii a\u00a0pomoc v t\u011bchto oblastech: psychosomatick\u00e9 pot\u00ed\u017e\u00ed akutn\u00ed nebo dlouhodob\u00fd stres \u00fazkosti, obavy, smutek, deprese n\u00e1ro\u010dn\u00e9 \u017eivotn\u00ed situace a krize zvl\u00e1d\u00e1n\u00ed konflikt\u016f\u00a0vnit\u0159n\u00edch nebo vn\u011bj\u0161\u00edch probl\u00e9my vztahov\u00e9 a partnersk\u00e9 vy\u010derp\u00e1n\u00ed, \u00fanava, p\u0159epracovanost, syndrom vyho\u0159en\u00ed ztr\u00e1ta smysluplnosti \u017eivota, \u017eivotn\u00edch perspektiv a dosavadn\u00edch hodnot zv\u00fd\u0161en\u00ed sebe\u00facty a sebehodnoty V\u011b\u0159\u00edm, \u017ee hlavn\u00edm odborn\u00edkem na v\u00e1\u0161 \u017eivot&hellip;<\/p>\n","protected":false},"author":1,"featured_media":0,"parent":0,"menu_order":0,"comment_status":"closed","ping_status":"closed","template":"","meta":[],"_links":{"self":[{"href":"https:\/\/www.pavelpelikan.cz\/index.php\/wp-json\/wp\/v2\/pages\/197"}],"collection":[{"href":"https:\/\/www.pavelpelikan.cz\/index.php\/wp-json\/wp\/v2\/pages"}],"about":[{"href":"https:\/\/www.pavelpelikan.cz\/index.php\/wp-json\/wp\/v2\/types\/page"}],"author":[{"embeddable":true,"href":"https:\/\/www.pavelpelikan.cz\/index.php\/wp-json\/wp\/v2\/users\/1"}],"replies":[{"embeddable":true,"href":"https:\/\/www.pavelpelikan.cz\/index.php\/wp-json\/wp\/v2\/comments?post=197"}],"version-history":[{"count":5,"href":"https:\/\/www.pavelpelikan.cz\/index.php\/wp-json\/wp\/v2\/pages\/197\/revisions"}],"predecessor-version":[{"id":242,"href":"https:\/\/www.pavelpelikan.cz\/index.php\/wp-json\/wp\/v2\/pages\/197\/revisions\/242"}],"wp:attachment":[{"href":"https:\/\/www.pavelpelikan.cz\/index.php\/wp-json\/wp\/v2\/media?parent=197"}],"curies":[{"name":"wp","href":"https:\/\/api.w.org\/{rel}","templated":true}]}}