{"id":127,"date":"2018-01-20T22:09:04","date_gmt":"2018-01-20T21:09:04","guid":{"rendered":"http:\/\/www.pavelpelikan.cz\/?page_id=127"},"modified":"2018-01-20T22:09:04","modified_gmt":"2018-01-20T21:09:04","slug":"terapie","status":"publish","type":"page","link":"https:\/\/www.pavelpelikan.cz\/index.php\/terapie\/","title":{"rendered":"Terapie"},"content":{"rendered":"<ul>\n<li>Rodinn\u00e9 terapie<\/li>\n<li>P\u00e1rov\u00e1 terapie<\/li>\n<li>Individu\u00e1ln\u00ed terapie<\/li>\n<\/ul>\n","protected":false},"excerpt":{"rendered":"<p>Rodinn\u00e9 terapie P\u00e1rov\u00e1 terapie Individu\u00e1ln\u00ed terapie<\/p>\n","protected":false},"author":1,"featured_media":0,"parent":0,"menu_order":0,"comment_status":"closed","ping_status":"closed","template":"","meta":[],"_links":{"self":[{"href":"https:\/\/www.pavelpelikan.cz\/index.php\/wp-json\/wp\/v2\/pages\/127"}],"collection":[{"href":"https:\/\/www.pavelpelikan.cz\/index.php\/wp-json\/wp\/v2\/pages"}],"about":[{"href":"https:\/\/www.pavelpelikan.cz\/index.php\/wp-json\/wp\/v2\/types\/page"}],"author":[{"embeddable":true,"href":"https:\/\/www.pavelpelikan.cz\/index.php\/wp-json\/wp\/v2\/users\/1"}],"replies":[{"embeddable":true,"href":"https:\/\/www.pavelpelikan.cz\/index.php\/wp-json\/wp\/v2\/comments?post=127"}],"version-history":[{"count":1,"href":"https:\/\/www.pavelpelikan.cz\/index.php\/wp-json\/wp\/v2\/pages\/127\/revisions"}],"predecessor-version":[{"id":128,"href":"https:\/\/www.pavelpelikan.cz\/index.php\/wp-json\/wp\/v2\/pages\/127\/revisions\/128"}],"wp:attachment":[{"href":"https:\/\/www.pavelpelikan.cz\/index.php\/wp-json\/wp\/v2\/media?parent=127"}],"curies":[{"name":"wp","href":"https:\/\/api.w.org\/{rel}","templated":true}]}}